{"id":2132,"date":"2023-11-10T12:18:55","date_gmt":"2023-11-10T11:18:55","guid":{"rendered":"https:\/\/www.florencegirardeau.org\/new\/?post_type=product&#038;p=2132"},"modified":"2023-11-10T12:22:33","modified_gmt":"2023-11-10T11:22:33","slug":"deltas-edition","status":"publish","type":"product","link":"https:\/\/www.florencegirardeau.org\/new\/shop\/edition\/deltas-edition\/","title":{"rendered":"DELTAS &#8211; \u00e9dition"},"content":{"rendered":"<p>L&#8217;\u00e9dition DELTAS a accompagn\u00e9 la r\u00e9alisation du film et de l&#8217;installation vid\u00e9o \u00e9ponyme.<br \/>\nLe livret contient 13 textes en fran\u00e7ais et en catalan, ainsi que des photographies issues du film ou de sa pr\u00e9paration.<br \/>\nIl a \u00e9t\u00e9 imprim\u00e9 aux presses de rocaumbert, lieu d&#8217;art de Granollers en Catalogne.<\/p>\n","protected":false},"excerpt":{"rendered":"<p>Edition d&#8217;artiste,<br \/>\n30 pages,<br \/>\nImprim\u00e9 en 2019 en 300 exemplaires,<\/p>\n<p>Format 21 x 12 cm,<br \/>\nOffset couleur par les presses de rocaumbert.<\/p>\n","protected":false},"featured_media":2138,"template":"","meta":[],"product_brand":[],"product_cat":[254],"product_tag":[],"class_list":{"0":"post-2132","1":"product","2":"type-product","3":"status-publish","4":"has-post-thumbnail","6":"product_cat-edition","7":"product_shipping_class-format-lettre","8":"","10":"first","11":"instock","12":"shipping-taxable","13":"purchasable","14":"product-type-simple"},"yoast_head":"<!-- This site is optimized with the Yoast SEO plugin v24.6 - https:\/\/yoast.com\/wordpress\/plugins\/seo\/ -->\n<title>DELTAS - \u00e9dition - florence girardeau<\/title>\n<meta name=\"robots\" content=\"index, follow, max-snippet:-1, max-image-preview:large, max-video-preview:-1\" \/>\n<link rel=\"canonical\" href=\"https:\/\/www.florencegirardeau.org\/new\/shop\/edition\/deltas-edition\/\" \/>\n<meta property=\"og:locale\" content=\"fr_FR\" \/>\n<meta property=\"og:type\" content=\"article\" \/>\n<meta property=\"og:title\" content=\"DELTAS - \u00e9dition - florence girardeau\" \/>\n<meta property=\"og:description\" content=\"Edition d&#039;artiste, 30 pages, Imprim\u00e9 en 2019 en 300 exemplaires,  Format 21 x 12 cm, Offset couleur par les presses de rocaumbert.\" \/>\n<meta property=\"og:url\" content=\"https:\/\/www.florencegirardeau.org\/new\/shop\/edition\/deltas-edition\/\" \/>\n<meta property=\"og:site_name\" content=\"florence girardeau\" \/>\n<meta property=\"article:modified_time\" content=\"2023-11-10T11:22:33+00:00\" \/>\n<meta property=\"og:image\" content=\"https:\/\/www.florencegirardeau.org\/new\/wp-content\/uploads\/2023\/11\/P1170457-web-1200x900.jpg\" \/>\n\t<meta property=\"og:image:width\" content=\"1200\" \/>\n\t<meta property=\"og:image:height\" content=\"900\" \/>\n\t<meta property=\"og:image:type\" content=\"image\/jpeg\" \/>\n<meta name=\"twitter:card\" content=\"summary_large_image\" \/>\n<meta name=\"twitter:site\" content=\"@Flo_Pechan\" \/>\n<meta name=\"twitter:label1\" content=\"Dur\u00e9e de lecture estim\u00e9e\" \/>\n\t<meta name=\"twitter:data1\" content=\"1 minute\" \/>\n<script type=\"application\/ld+json\" class=\"yoast-schema-graph\">{\"@context\":\"https:\/\/schema.org\",\"@graph\":[{\"@type\":\"WebPage\",\"@id\":\"https:\/\/www.florencegirardeau.org\/new\/shop\/edition\/deltas-edition\/\",\"url\":\"https:\/\/www.florencegirardeau.org\/new\/shop\/edition\/deltas-edition\/\",\"name\":\"DELTAS - \u00e9dition - florence girardeau\",\"isPartOf\":{\"@id\":\"https:\/\/www.florencegirardeau.org\/new\/#website\"},\"primaryImageOfPage\":{\"@id\":\"https:\/\/www.florencegirardeau.org\/new\/shop\/edition\/deltas-edition\/#primaryimage\"},\"image\":{\"@id\":\"https:\/\/www.florencegirardeau.org\/new\/shop\/edition\/deltas-edition\/#primaryimage\"},\"thumbnailUrl\":\"https:\/\/www.florencegirardeau.org\/new\/wp-content\/uploads\/2023\/11\/P1170457-web.jpg\",\"datePublished\":\"2023-11-10T11:18:55+00:00\",\"dateModified\":\"2023-11-10T11:22:33+00:00\",\"breadcrumb\":{\"@id\":\"https:\/\/www.florencegirardeau.org\/new\/shop\/edition\/deltas-edition\/#breadcrumb\"},\"inLanguage\":\"fr-FR\",\"potentialAction\":[{\"@type\":\"ReadAction\",\"target\":[\"https:\/\/www.florencegirardeau.org\/new\/shop\/edition\/deltas-edition\/\"]}]},{\"@type\":\"ImageObject\",\"inLanguage\":\"fr-FR\",\"@id\":\"https:\/\/www.florencegirardeau.org\/new\/shop\/edition\/deltas-edition\/#primaryimage\",\"url\":\"https:\/\/www.florencegirardeau.org\/new\/wp-content\/uploads\/2023\/11\/P1170457-web.jpg\",\"contentUrl\":\"https:\/\/www.florencegirardeau.org\/new\/wp-content\/uploads\/2023\/11\/P1170457-web.jpg\",\"width\":2500,\"height\":1876},{\"@type\":\"BreadcrumbList\",\"@id\":\"https:\/\/www.florencegirardeau.org\/new\/shop\/edition\/deltas-edition\/#breadcrumb\",\"itemListElement\":[{\"@type\":\"ListItem\",\"position\":1,\"name\":\"Accueil\",\"item\":\"https:\/\/www.florencegirardeau.org\/new\/\"},{\"@type\":\"ListItem\",\"position\":2,\"name\":\"DELTAS &#8211; \u00e9dition\"}]},{\"@type\":\"WebSite\",\"@id\":\"https:\/\/www.florencegirardeau.org\/new\/#website\",\"url\":\"https:\/\/www.florencegirardeau.org\/new\/\",\"name\":\"florence girardeau\",\"description\":\"visual artist\",\"publisher\":{\"@id\":\"https:\/\/www.florencegirardeau.org\/new\/#\/schema\/person\/c176e1b7fdb82068cc40fd62b956a28d\"},\"potentialAction\":[{\"@type\":\"SearchAction\",\"target\":{\"@type\":\"EntryPoint\",\"urlTemplate\":\"https:\/\/www.florencegirardeau.org\/new\/?s={search_term_string}\"},\"query-input\":{\"@type\":\"PropertyValueSpecification\",\"valueRequired\":true,\"valueName\":\"search_term_string\"}}],\"inLanguage\":\"fr-FR\"},{\"@type\":[\"Person\",\"Organization\"],\"@id\":\"https:\/\/www.florencegirardeau.org\/new\/#\/schema\/person\/c176e1b7fdb82068cc40fd62b956a28d\",\"name\":\"Florence Girardeau\",\"image\":{\"@type\":\"ImageObject\",\"inLanguage\":\"fr-FR\",\"@id\":\"https:\/\/www.florencegirardeau.org\/new\/#\/schema\/person\/image\/\",\"url\":\"https:\/\/www.florencegirardeau.org\/new\/wp-content\/uploads\/2021\/03\/florence-girardeau.jpg\",\"contentUrl\":\"https:\/\/www.florencegirardeau.org\/new\/wp-content\/uploads\/2021\/03\/florence-girardeau.jpg\",\"width\":1783,\"height\":1793,\"caption\":\"Florence Girardeau\"},\"logo\":{\"@id\":\"https:\/\/www.florencegirardeau.org\/new\/#\/schema\/person\/image\/\"},\"sameAs\":[\"instagram.com\/florencegirardeau\/\"]}]}<\/script>\n<!-- \/ Yoast SEO plugin. -->","yoast_head_json":{"title":"DELTAS - \u00e9dition - florence girardeau","robots":{"index":"index","follow":"follow","max-snippet":"max-snippet:-1","max-image-preview":"max-image-preview:large","max-video-preview":"max-video-preview:-1"},"canonical":"https:\/\/www.florencegirardeau.org\/new\/shop\/edition\/deltas-edition\/","og_locale":"fr_FR","og_type":"article","og_title":"DELTAS - \u00e9dition - florence girardeau","og_description":"Edition d'artiste, 30 pages, Imprim\u00e9 en 2019 en 300 exemplaires,  Format 21 x 12 cm, Offset couleur par les presses de rocaumbert.","og_url":"https:\/\/www.florencegirardeau.org\/new\/shop\/edition\/deltas-edition\/","og_site_name":"florence girardeau","article_modified_time":"2023-11-10T11:22:33+00:00","og_image":[{"width":1200,"height":900,"url":"https:\/\/www.florencegirardeau.org\/new\/wp-content\/uploads\/2023\/11\/P1170457-web-1200x900.jpg","type":"image\/jpeg"}],"twitter_card":"summary_large_image","twitter_site":"@Flo_Pechan","twitter_misc":{"Dur\u00e9e de lecture estim\u00e9e":"1 minute"},"schema":{"@context":"https:\/\/schema.org","@graph":[{"@type":"WebPage","@id":"https:\/\/www.florencegirardeau.org\/new\/shop\/edition\/deltas-edition\/","url":"https:\/\/www.florencegirardeau.org\/new\/shop\/edition\/deltas-edition\/","name":"DELTAS - \u00e9dition - florence girardeau","isPartOf":{"@id":"https:\/\/www.florencegirardeau.org\/new\/#website"},"primaryImageOfPage":{"@id":"https:\/\/www.florencegirardeau.org\/new\/shop\/edition\/deltas-edition\/#primaryimage"},"image":{"@id":"https:\/\/www.florencegirardeau.org\/new\/shop\/edition\/deltas-edition\/#primaryimage"},"thumbnailUrl":"https:\/\/www.florencegirardeau.org\/new\/wp-content\/uploads\/2023\/11\/P1170457-web.jpg","datePublished":"2023-11-10T11:18:55+00:00","dateModified":"2023-11-10T11:22:33+00:00","breadcrumb":{"@id":"https:\/\/www.florencegirardeau.org\/new\/shop\/edition\/deltas-edition\/#breadcrumb"},"inLanguage":"fr-FR","potentialAction":[{"@type":"ReadAction","target":["https:\/\/www.florencegirardeau.org\/new\/shop\/edition\/deltas-edition\/"]}]},{"@type":"ImageObject","inLanguage":"fr-FR","@id":"https:\/\/www.florencegirardeau.org\/new\/shop\/edition\/deltas-edition\/#primaryimage","url":"https:\/\/www.florencegirardeau.org\/new\/wp-content\/uploads\/2023\/11\/P1170457-web.jpg","contentUrl":"https:\/\/www.florencegirardeau.org\/new\/wp-content\/uploads\/2023\/11\/P1170457-web.jpg","width":2500,"height":1876},{"@type":"BreadcrumbList","@id":"https:\/\/www.florencegirardeau.org\/new\/shop\/edition\/deltas-edition\/#breadcrumb","itemListElement":[{"@type":"ListItem","position":1,"name":"Accueil","item":"https:\/\/www.florencegirardeau.org\/new\/"},{"@type":"ListItem","position":2,"name":"DELTAS &#8211; \u00e9dition"}]},{"@type":"WebSite","@id":"https:\/\/www.florencegirardeau.org\/new\/#website","url":"https:\/\/www.florencegirardeau.org\/new\/","name":"florence girardeau","description":"visual artist","publisher":{"@id":"https:\/\/www.florencegirardeau.org\/new\/#\/schema\/person\/c176e1b7fdb82068cc40fd62b956a28d"},"potentialAction":[{"@type":"SearchAction","target":{"@type":"EntryPoint","urlTemplate":"https:\/\/www.florencegirardeau.org\/new\/?s={search_term_string}"},"query-input":{"@type":"PropertyValueSpecification","valueRequired":true,"valueName":"search_term_string"}}],"inLanguage":"fr-FR"},{"@type":["Person","Organization"],"@id":"https:\/\/www.florencegirardeau.org\/new\/#\/schema\/person\/c176e1b7fdb82068cc40fd62b956a28d","name":"Florence Girardeau","image":{"@type":"ImageObject","inLanguage":"fr-FR","@id":"https:\/\/www.florencegirardeau.org\/new\/#\/schema\/person\/image\/","url":"https:\/\/www.florencegirardeau.org\/new\/wp-content\/uploads\/2021\/03\/florence-girardeau.jpg","contentUrl":"https:\/\/www.florencegirardeau.org\/new\/wp-content\/uploads\/2021\/03\/florence-girardeau.jpg","width":1783,"height":1793,"caption":"Florence Girardeau"},"logo":{"@id":"https:\/\/www.florencegirardeau.org\/new\/#\/schema\/person\/image\/"},"sameAs":["instagram.com\/florencegirardeau\/"]}]}},"_links":{"self":[{"href":"https:\/\/www.florencegirardeau.org\/new\/wp-json\/wp\/v2\/product\/2132","targetHints":{"allow":["GET"]}}],"collection":[{"href":"https:\/\/www.florencegirardeau.org\/new\/wp-json\/wp\/v2\/product"}],"about":[{"href":"https:\/\/www.florencegirardeau.org\/new\/wp-json\/wp\/v2\/types\/product"}],"wp:featuredmedia":[{"embeddable":true,"href":"https:\/\/www.florencegirardeau.org\/new\/wp-json\/wp\/v2\/media\/2138"}],"wp:attachment":[{"href":"https:\/\/www.florencegirardeau.org\/new\/wp-json\/wp\/v2\/media?parent=2132"}],"wp:term":[{"taxonomy":"product_brand","embeddable":true,"href":"https:\/\/www.florencegirardeau.org\/new\/wp-json\/wp\/v2\/product_brand?post=2132"},{"taxonomy":"product_cat","embeddable":true,"href":"https:\/\/www.florencegirardeau.org\/new\/wp-json\/wp\/v2\/product_cat?post=2132"},{"taxonomy":"product_tag","embeddable":true,"href":"https:\/\/www.florencegirardeau.org\/new\/wp-json\/wp\/v2\/product_tag?post=2132"}],"curies":[{"name":"wp","href":"https:\/\/api.w.org\/{rel}","templated":true}]}}