{"id":2119,"date":"2023-11-10T12:19:03","date_gmt":"2023-11-10T11:19:03","guid":{"rendered":"https:\/\/www.florencegirardeau.org\/new\/?post_type=product&#038;p=2119"},"modified":"2023-11-11T17:05:17","modified_gmt":"2023-11-11T16:05:17","slug":"ru-edition","status":"publish","type":"product","link":"https:\/\/www.florencegirardeau.org\/new\/shop\/edition\/ru-edition\/","title":{"rendered":"RU &#8211; \u00e9dition"},"content":{"rendered":"<p>Les textes de RU ont \u00e9t\u00e9 compos\u00e9s par <em>cut-up <\/em>\u00e0 partir d&#8217;un vieux manuel de g\u00e9ographie.<br \/>\nLes images ont \u00e9t\u00e9 cr\u00e9\u00e9es \u00e0 partir de d\u00e9coupages dans un ancien atlas et dans des chutes de peintures.<\/p>\n<p>La mise en page des textes a \u00e9t\u00e9 r\u00e9alis\u00e9e par la graphiste Doroth\u00e9e Caradec.<\/p>\n<p>L&#8217;ouvrage contient 11 po\u00e8mes et 13 illustrations.<\/p>\n<p>&nbsp;<\/p>\n","protected":false},"excerpt":{"rendered":"<p><strong>RU<\/strong><\/p>\n<p>Edition d&#8217;artiste,<br \/>\n30 pages,<br \/>\nImprim\u00e9 en 2023 en 10 exemplaires num\u00e9rot\u00e9s et sign\u00e9s.<\/p>\n<p>Impression jet d&#8217;encre avec rehauts de peinture,<br \/>\nReliure artisanale en dos carr\u00e9 coll\u00e9,<br \/>\nCouverture peinte et emboss\u00e9e \u00e0 la main.<\/p>\n<p>Format 11 x 16,6 cm.<\/p>\n","protected":false},"featured_media":2122,"template":"","meta":[],"product_brand":[],"product_cat":[254],"product_tag":[],"class_list":{"0":"post-2119","1":"product","2":"type-product","3":"status-publish","4":"has-post-thumbnail","6":"product_cat-edition","7":"product_shipping_class-format-lettre","8":"","10":"first","11":"instock","12":"featured","13":"shipping-taxable","14":"purchasable","15":"product-type-simple"},"yoast_head":"<!-- This site is optimized with the Yoast SEO plugin v24.6 - https:\/\/yoast.com\/wordpress\/plugins\/seo\/ -->\n<title>RU - \u00e9dition - florence girardeau<\/title>\n<meta name=\"robots\" content=\"index, follow, max-snippet:-1, max-image-preview:large, max-video-preview:-1\" \/>\n<link rel=\"canonical\" href=\"https:\/\/www.florencegirardeau.org\/new\/shop\/edition\/ru-edition\/\" \/>\n<meta property=\"og:locale\" content=\"fr_FR\" \/>\n<meta property=\"og:type\" content=\"article\" \/>\n<meta property=\"og:title\" content=\"RU - \u00e9dition - florence girardeau\" \/>\n<meta property=\"og:description\" content=\"RU  Edition d&#039;artiste, 30 pages, Imprim\u00e9 en 2023 en 10 exemplaires num\u00e9rot\u00e9s et sign\u00e9s.  Impression jet d&#039;encre avec rehauts de peinture, Reliure artisanale en dos carr\u00e9 coll\u00e9, Couverture peinte et emboss\u00e9e \u00e0 la main.  Format 11 x 16,6 cm.\" \/>\n<meta property=\"og:url\" content=\"https:\/\/www.florencegirardeau.org\/new\/shop\/edition\/ru-edition\/\" \/>\n<meta property=\"og:site_name\" content=\"florence girardeau\" \/>\n<meta property=\"article:modified_time\" content=\"2023-11-11T16:05:17+00:00\" \/>\n<meta property=\"og:image\" content=\"https:\/\/www.florencegirardeau.org\/new\/wp-content\/uploads\/2023\/11\/P1170390-1-scaled.jpeg\" \/>\n\t<meta property=\"og:image:width\" content=\"2560\" \/>\n\t<meta property=\"og:image:height\" content=\"1921\" \/>\n\t<meta property=\"og:image:type\" content=\"image\/jpeg\" \/>\n<meta name=\"twitter:card\" content=\"summary_large_image\" \/>\n<meta name=\"twitter:site\" content=\"@Flo_Pechan\" \/>\n<meta name=\"twitter:label1\" content=\"Dur\u00e9e de lecture estim\u00e9e\" \/>\n\t<meta name=\"twitter:data1\" content=\"1 minute\" \/>\n<script type=\"application\/ld+json\" class=\"yoast-schema-graph\">{\"@context\":\"https:\/\/schema.org\",\"@graph\":[{\"@type\":\"WebPage\",\"@id\":\"https:\/\/www.florencegirardeau.org\/new\/shop\/edition\/ru-edition\/\",\"url\":\"https:\/\/www.florencegirardeau.org\/new\/shop\/edition\/ru-edition\/\",\"name\":\"RU - \u00e9dition - florence girardeau\",\"isPartOf\":{\"@id\":\"https:\/\/www.florencegirardeau.org\/new\/#website\"},\"primaryImageOfPage\":{\"@id\":\"https:\/\/www.florencegirardeau.org\/new\/shop\/edition\/ru-edition\/#primaryimage\"},\"image\":{\"@id\":\"https:\/\/www.florencegirardeau.org\/new\/shop\/edition\/ru-edition\/#primaryimage\"},\"thumbnailUrl\":\"https:\/\/www.florencegirardeau.org\/new\/wp-content\/uploads\/2023\/11\/P1170390-1-scaled.jpeg\",\"datePublished\":\"2023-11-10T11:19:03+00:00\",\"dateModified\":\"2023-11-11T16:05:17+00:00\",\"breadcrumb\":{\"@id\":\"https:\/\/www.florencegirardeau.org\/new\/shop\/edition\/ru-edition\/#breadcrumb\"},\"inLanguage\":\"fr-FR\",\"potentialAction\":[{\"@type\":\"ReadAction\",\"target\":[\"https:\/\/www.florencegirardeau.org\/new\/shop\/edition\/ru-edition\/\"]}]},{\"@type\":\"ImageObject\",\"inLanguage\":\"fr-FR\",\"@id\":\"https:\/\/www.florencegirardeau.org\/new\/shop\/edition\/ru-edition\/#primaryimage\",\"url\":\"https:\/\/www.florencegirardeau.org\/new\/wp-content\/uploads\/2023\/11\/P1170390-1-scaled.jpeg\",\"contentUrl\":\"https:\/\/www.florencegirardeau.org\/new\/wp-content\/uploads\/2023\/11\/P1170390-1-scaled.jpeg\",\"width\":2560,\"height\":1921},{\"@type\":\"BreadcrumbList\",\"@id\":\"https:\/\/www.florencegirardeau.org\/new\/shop\/edition\/ru-edition\/#breadcrumb\",\"itemListElement\":[{\"@type\":\"ListItem\",\"position\":1,\"name\":\"Accueil\",\"item\":\"https:\/\/www.florencegirardeau.org\/new\/\"},{\"@type\":\"ListItem\",\"position\":2,\"name\":\"RU &#8211; \u00e9dition\"}]},{\"@type\":\"WebSite\",\"@id\":\"https:\/\/www.florencegirardeau.org\/new\/#website\",\"url\":\"https:\/\/www.florencegirardeau.org\/new\/\",\"name\":\"florence girardeau\",\"description\":\"visual artist\",\"publisher\":{\"@id\":\"https:\/\/www.florencegirardeau.org\/new\/#\/schema\/person\/c176e1b7fdb82068cc40fd62b956a28d\"},\"potentialAction\":[{\"@type\":\"SearchAction\",\"target\":{\"@type\":\"EntryPoint\",\"urlTemplate\":\"https:\/\/www.florencegirardeau.org\/new\/?s={search_term_string}\"},\"query-input\":{\"@type\":\"PropertyValueSpecification\",\"valueRequired\":true,\"valueName\":\"search_term_string\"}}],\"inLanguage\":\"fr-FR\"},{\"@type\":[\"Person\",\"Organization\"],\"@id\":\"https:\/\/www.florencegirardeau.org\/new\/#\/schema\/person\/c176e1b7fdb82068cc40fd62b956a28d\",\"name\":\"Florence Girardeau\",\"image\":{\"@type\":\"ImageObject\",\"inLanguage\":\"fr-FR\",\"@id\":\"https:\/\/www.florencegirardeau.org\/new\/#\/schema\/person\/image\/\",\"url\":\"https:\/\/www.florencegirardeau.org\/new\/wp-content\/uploads\/2021\/03\/florence-girardeau.jpg\",\"contentUrl\":\"https:\/\/www.florencegirardeau.org\/new\/wp-content\/uploads\/2021\/03\/florence-girardeau.jpg\",\"width\":1783,\"height\":1793,\"caption\":\"Florence Girardeau\"},\"logo\":{\"@id\":\"https:\/\/www.florencegirardeau.org\/new\/#\/schema\/person\/image\/\"},\"sameAs\":[\"instagram.com\/florencegirardeau\/\"]}]}<\/script>\n<!-- \/ Yoast SEO plugin. -->","yoast_head_json":{"title":"RU - \u00e9dition - florence girardeau","robots":{"index":"index","follow":"follow","max-snippet":"max-snippet:-1","max-image-preview":"max-image-preview:large","max-video-preview":"max-video-preview:-1"},"canonical":"https:\/\/www.florencegirardeau.org\/new\/shop\/edition\/ru-edition\/","og_locale":"fr_FR","og_type":"article","og_title":"RU - \u00e9dition - florence girardeau","og_description":"RU  Edition d'artiste, 30 pages, Imprim\u00e9 en 2023 en 10 exemplaires num\u00e9rot\u00e9s et sign\u00e9s.  Impression jet d'encre avec rehauts de peinture, Reliure artisanale en dos carr\u00e9 coll\u00e9, Couverture peinte et emboss\u00e9e \u00e0 la main.  Format 11 x 16,6 cm.","og_url":"https:\/\/www.florencegirardeau.org\/new\/shop\/edition\/ru-edition\/","og_site_name":"florence girardeau","article_modified_time":"2023-11-11T16:05:17+00:00","og_image":[{"width":2560,"height":1921,"url":"https:\/\/www.florencegirardeau.org\/new\/wp-content\/uploads\/2023\/11\/P1170390-1-scaled.jpeg","type":"image\/jpeg"}],"twitter_card":"summary_large_image","twitter_site":"@Flo_Pechan","twitter_misc":{"Dur\u00e9e de lecture estim\u00e9e":"1 minute"},"schema":{"@context":"https:\/\/schema.org","@graph":[{"@type":"WebPage","@id":"https:\/\/www.florencegirardeau.org\/new\/shop\/edition\/ru-edition\/","url":"https:\/\/www.florencegirardeau.org\/new\/shop\/edition\/ru-edition\/","name":"RU - \u00e9dition - florence girardeau","isPartOf":{"@id":"https:\/\/www.florencegirardeau.org\/new\/#website"},"primaryImageOfPage":{"@id":"https:\/\/www.florencegirardeau.org\/new\/shop\/edition\/ru-edition\/#primaryimage"},"image":{"@id":"https:\/\/www.florencegirardeau.org\/new\/shop\/edition\/ru-edition\/#primaryimage"},"thumbnailUrl":"https:\/\/www.florencegirardeau.org\/new\/wp-content\/uploads\/2023\/11\/P1170390-1-scaled.jpeg","datePublished":"2023-11-10T11:19:03+00:00","dateModified":"2023-11-11T16:05:17+00:00","breadcrumb":{"@id":"https:\/\/www.florencegirardeau.org\/new\/shop\/edition\/ru-edition\/#breadcrumb"},"inLanguage":"fr-FR","potentialAction":[{"@type":"ReadAction","target":["https:\/\/www.florencegirardeau.org\/new\/shop\/edition\/ru-edition\/"]}]},{"@type":"ImageObject","inLanguage":"fr-FR","@id":"https:\/\/www.florencegirardeau.org\/new\/shop\/edition\/ru-edition\/#primaryimage","url":"https:\/\/www.florencegirardeau.org\/new\/wp-content\/uploads\/2023\/11\/P1170390-1-scaled.jpeg","contentUrl":"https:\/\/www.florencegirardeau.org\/new\/wp-content\/uploads\/2023\/11\/P1170390-1-scaled.jpeg","width":2560,"height":1921},{"@type":"BreadcrumbList","@id":"https:\/\/www.florencegirardeau.org\/new\/shop\/edition\/ru-edition\/#breadcrumb","itemListElement":[{"@type":"ListItem","position":1,"name":"Accueil","item":"https:\/\/www.florencegirardeau.org\/new\/"},{"@type":"ListItem","position":2,"name":"RU &#8211; \u00e9dition"}]},{"@type":"WebSite","@id":"https:\/\/www.florencegirardeau.org\/new\/#website","url":"https:\/\/www.florencegirardeau.org\/new\/","name":"florence girardeau","description":"visual artist","publisher":{"@id":"https:\/\/www.florencegirardeau.org\/new\/#\/schema\/person\/c176e1b7fdb82068cc40fd62b956a28d"},"potentialAction":[{"@type":"SearchAction","target":{"@type":"EntryPoint","urlTemplate":"https:\/\/www.florencegirardeau.org\/new\/?s={search_term_string}"},"query-input":{"@type":"PropertyValueSpecification","valueRequired":true,"valueName":"search_term_string"}}],"inLanguage":"fr-FR"},{"@type":["Person","Organization"],"@id":"https:\/\/www.florencegirardeau.org\/new\/#\/schema\/person\/c176e1b7fdb82068cc40fd62b956a28d","name":"Florence Girardeau","image":{"@type":"ImageObject","inLanguage":"fr-FR","@id":"https:\/\/www.florencegirardeau.org\/new\/#\/schema\/person\/image\/","url":"https:\/\/www.florencegirardeau.org\/new\/wp-content\/uploads\/2021\/03\/florence-girardeau.jpg","contentUrl":"https:\/\/www.florencegirardeau.org\/new\/wp-content\/uploads\/2021\/03\/florence-girardeau.jpg","width":1783,"height":1793,"caption":"Florence Girardeau"},"logo":{"@id":"https:\/\/www.florencegirardeau.org\/new\/#\/schema\/person\/image\/"},"sameAs":["instagram.com\/florencegirardeau\/"]}]}},"_links":{"self":[{"href":"https:\/\/www.florencegirardeau.org\/new\/wp-json\/wp\/v2\/product\/2119","targetHints":{"allow":["GET"]}}],"collection":[{"href":"https:\/\/www.florencegirardeau.org\/new\/wp-json\/wp\/v2\/product"}],"about":[{"href":"https:\/\/www.florencegirardeau.org\/new\/wp-json\/wp\/v2\/types\/product"}],"wp:featuredmedia":[{"embeddable":true,"href":"https:\/\/www.florencegirardeau.org\/new\/wp-json\/wp\/v2\/media\/2122"}],"wp:attachment":[{"href":"https:\/\/www.florencegirardeau.org\/new\/wp-json\/wp\/v2\/media?parent=2119"}],"wp:term":[{"taxonomy":"product_brand","embeddable":true,"href":"https:\/\/www.florencegirardeau.org\/new\/wp-json\/wp\/v2\/product_brand?post=2119"},{"taxonomy":"product_cat","embeddable":true,"href":"https:\/\/www.florencegirardeau.org\/new\/wp-json\/wp\/v2\/product_cat?post=2119"},{"taxonomy":"product_tag","embeddable":true,"href":"https:\/\/www.florencegirardeau.org\/new\/wp-json\/wp\/v2\/product_tag?post=2119"}],"curies":[{"name":"wp","href":"https:\/\/api.w.org\/{rel}","templated":true}]}}