{"id":1533,"date":"2021-03-10T21:45:25","date_gmt":"2021-03-10T20:45:25","guid":{"rendered":"https:\/\/www.florencegirardeau.org\/new\/?post_type=product&#038;p=1533"},"modified":"2021-10-04T15:50:26","modified_gmt":"2021-10-04T13:50:26","slug":"contact-9","status":"publish","type":"product","link":"https:\/\/www.florencegirardeau.org\/new\/shop\/aquarelles\/serie-contact\/contact-9\/","title":{"rendered":"Contact #9"},"content":{"rendered":"<p>2021<br \/>\nAquarelle sur papier 300gr<br \/>\n21*29,7cm<br \/>\n.<br \/>\n.<br \/>\n#watercolorpainting\u00a0#watercolour\u00a0#lavis\u00a0#washes\u00a0#red\u00a0#handdrawing\u00a0#hands\u00a0#negativepainting\u00a0#touch\u00a0#touching\u00a0#skin\u00a0#care\u00a0#gestures\u00a0#body\u00a0#contemporarydrawing\u00a0#contemporarypainting\u00a0#artist\u00a0#minimalism\u00a0#artseries<\/p>\n","protected":false},"excerpt":{"rendered":"<p>2021<br \/>\nAquarelle sur papier 300gr<br \/>\n21*29,7cm<\/p>\n<hr \/>\n<p>&#x2665; Remise de 5% \u00e0 partir de 2 aquarelles de la s\u00e9rie Contact.<br \/>\n&#x2666; Remise de 10% \u00e0 partir de 4 aquarelles de la s\u00e9rie Contact.<\/p>\n","protected":false},"featured_media":1685,"template":"","meta":[],"product_brand":[],"product_cat":[203,219],"product_tag":[],"class_list":{"0":"post-1533","1":"product","2":"type-product","3":"status-publish","4":"has-post-thumbnail","6":"product_cat-aquarelles","7":"product_cat-serie-contact","8":"product_shipping_class-petit-format","9":"","11":"first","12":"instock","13":"sold-individually","14":"shipping-taxable","15":"purchasable","16":"product-type-simple"},"yoast_head":"<!-- This site is optimized with the Yoast SEO plugin v24.6 - https:\/\/yoast.com\/wordpress\/plugins\/seo\/ -->\n<title>Contact #9 - florence girardeau<\/title>\n<meta name=\"robots\" content=\"index, follow, max-snippet:-1, max-image-preview:large, max-video-preview:-1\" \/>\n<link rel=\"canonical\" href=\"https:\/\/www.florencegirardeau.org\/new\/shop\/aquarelles\/petit-format\/contact-9\/\" \/>\n<meta property=\"og:locale\" content=\"fr_FR\" \/>\n<meta property=\"og:type\" content=\"article\" \/>\n<meta property=\"og:title\" content=\"Contact #9 - florence girardeau\" \/>\n<meta property=\"og:description\" content=\"2021 Aquarelle sur papier 300gr 21*29,7cm    &#x2665; Remise de 5% \u00e0 partir de 2 aquarelles de la s\u00e9rie Contact. &#x2666; Remise de 10% \u00e0 partir de 4 aquarelles de la s\u00e9rie Contact.\" \/>\n<meta property=\"og:url\" content=\"https:\/\/www.florencegirardeau.org\/new\/shop\/aquarelles\/petit-format\/contact-9\/\" \/>\n<meta property=\"og:site_name\" content=\"florence girardeau\" \/>\n<meta property=\"article:modified_time\" content=\"2021-10-04T13:50:26+00:00\" \/>\n<meta property=\"og:image\" content=\"https:\/\/www.florencegirardeau.org\/new\/wp-content\/uploads\/2021\/04\/P1160697-763x1024.jpeg\" \/>\n\t<meta property=\"og:image:width\" content=\"763\" \/>\n\t<meta property=\"og:image:height\" content=\"1024\" \/>\n\t<meta property=\"og:image:type\" content=\"image\/jpeg\" \/>\n<meta name=\"twitter:card\" content=\"summary_large_image\" \/>\n<meta name=\"twitter:site\" content=\"@Flo_Pechan\" \/>\n<meta name=\"twitter:label1\" content=\"Dur\u00e9e de lecture estim\u00e9e\" \/>\n\t<meta name=\"twitter:data1\" content=\"1 minute\" \/>\n<script type=\"application\/ld+json\" class=\"yoast-schema-graph\">{\"@context\":\"https:\/\/schema.org\",\"@graph\":[{\"@type\":\"WebPage\",\"@id\":\"https:\/\/www.florencegirardeau.org\/new\/shop\/aquarelles\/petit-format\/contact-9\/\",\"url\":\"https:\/\/www.florencegirardeau.org\/new\/shop\/aquarelles\/petit-format\/contact-9\/\",\"name\":\"Contact #9 - florence girardeau\",\"isPartOf\":{\"@id\":\"https:\/\/www.florencegirardeau.org\/new\/#website\"},\"primaryImageOfPage\":{\"@id\":\"https:\/\/www.florencegirardeau.org\/new\/shop\/aquarelles\/petit-format\/contact-9\/#primaryimage\"},\"image\":{\"@id\":\"https:\/\/www.florencegirardeau.org\/new\/shop\/aquarelles\/petit-format\/contact-9\/#primaryimage\"},\"thumbnailUrl\":\"https:\/\/www.florencegirardeau.org\/new\/wp-content\/uploads\/2021\/04\/P1160697.jpeg\",\"datePublished\":\"2021-03-10T20:45:25+00:00\",\"dateModified\":\"2021-10-04T13:50:26+00:00\",\"breadcrumb\":{\"@id\":\"https:\/\/www.florencegirardeau.org\/new\/shop\/aquarelles\/petit-format\/contact-9\/#breadcrumb\"},\"inLanguage\":\"fr-FR\",\"potentialAction\":[{\"@type\":\"ReadAction\",\"target\":[\"https:\/\/www.florencegirardeau.org\/new\/shop\/aquarelles\/petit-format\/contact-9\/\"]}]},{\"@type\":\"ImageObject\",\"inLanguage\":\"fr-FR\",\"@id\":\"https:\/\/www.florencegirardeau.org\/new\/shop\/aquarelles\/petit-format\/contact-9\/#primaryimage\",\"url\":\"https:\/\/www.florencegirardeau.org\/new\/wp-content\/uploads\/2021\/04\/P1160697.jpeg\",\"contentUrl\":\"https:\/\/www.florencegirardeau.org\/new\/wp-content\/uploads\/2021\/04\/P1160697.jpeg\",\"width\":1808,\"height\":2428,\"caption\":\"Contact #9 \u00a9Florence Girardeau\"},{\"@type\":\"BreadcrumbList\",\"@id\":\"https:\/\/www.florencegirardeau.org\/new\/shop\/aquarelles\/petit-format\/contact-9\/#breadcrumb\",\"itemListElement\":[{\"@type\":\"ListItem\",\"position\":1,\"name\":\"Accueil\",\"item\":\"https:\/\/www.florencegirardeau.org\/new\/\"},{\"@type\":\"ListItem\",\"position\":2,\"name\":\"Contact #9\"}]},{\"@type\":\"WebSite\",\"@id\":\"https:\/\/www.florencegirardeau.org\/new\/#website\",\"url\":\"https:\/\/www.florencegirardeau.org\/new\/\",\"name\":\"florence girardeau\",\"description\":\"visual artist\",\"publisher\":{\"@id\":\"https:\/\/www.florencegirardeau.org\/new\/#\/schema\/person\/c176e1b7fdb82068cc40fd62b956a28d\"},\"potentialAction\":[{\"@type\":\"SearchAction\",\"target\":{\"@type\":\"EntryPoint\",\"urlTemplate\":\"https:\/\/www.florencegirardeau.org\/new\/?s={search_term_string}\"},\"query-input\":{\"@type\":\"PropertyValueSpecification\",\"valueRequired\":true,\"valueName\":\"search_term_string\"}}],\"inLanguage\":\"fr-FR\"},{\"@type\":[\"Person\",\"Organization\"],\"@id\":\"https:\/\/www.florencegirardeau.org\/new\/#\/schema\/person\/c176e1b7fdb82068cc40fd62b956a28d\",\"name\":\"Florence Girardeau\",\"image\":{\"@type\":\"ImageObject\",\"inLanguage\":\"fr-FR\",\"@id\":\"https:\/\/www.florencegirardeau.org\/new\/#\/schema\/person\/image\/\",\"url\":\"https:\/\/www.florencegirardeau.org\/new\/wp-content\/uploads\/2021\/03\/florence-girardeau.jpg\",\"contentUrl\":\"https:\/\/www.florencegirardeau.org\/new\/wp-content\/uploads\/2021\/03\/florence-girardeau.jpg\",\"width\":1783,\"height\":1793,\"caption\":\"Florence Girardeau\"},\"logo\":{\"@id\":\"https:\/\/www.florencegirardeau.org\/new\/#\/schema\/person\/image\/\"},\"sameAs\":[\"instagram.com\/florencegirardeau\/\"]}]}<\/script>\n<!-- \/ Yoast SEO plugin. -->","yoast_head_json":{"title":"Contact #9 - florence girardeau","robots":{"index":"index","follow":"follow","max-snippet":"max-snippet:-1","max-image-preview":"max-image-preview:large","max-video-preview":"max-video-preview:-1"},"canonical":"https:\/\/www.florencegirardeau.org\/new\/shop\/aquarelles\/petit-format\/contact-9\/","og_locale":"fr_FR","og_type":"article","og_title":"Contact #9 - florence girardeau","og_description":"2021 Aquarelle sur papier 300gr 21*29,7cm    &#x2665; Remise de 5% \u00e0 partir de 2 aquarelles de la s\u00e9rie Contact. &#x2666; Remise de 10% \u00e0 partir de 4 aquarelles de la s\u00e9rie Contact.","og_url":"https:\/\/www.florencegirardeau.org\/new\/shop\/aquarelles\/petit-format\/contact-9\/","og_site_name":"florence girardeau","article_modified_time":"2021-10-04T13:50:26+00:00","og_image":[{"width":763,"height":1024,"url":"https:\/\/www.florencegirardeau.org\/new\/wp-content\/uploads\/2021\/04\/P1160697-763x1024.jpeg","type":"image\/jpeg"}],"twitter_card":"summary_large_image","twitter_site":"@Flo_Pechan","twitter_misc":{"Dur\u00e9e de lecture estim\u00e9e":"1 minute"},"schema":{"@context":"https:\/\/schema.org","@graph":[{"@type":"WebPage","@id":"https:\/\/www.florencegirardeau.org\/new\/shop\/aquarelles\/petit-format\/contact-9\/","url":"https:\/\/www.florencegirardeau.org\/new\/shop\/aquarelles\/petit-format\/contact-9\/","name":"Contact #9 - florence girardeau","isPartOf":{"@id":"https:\/\/www.florencegirardeau.org\/new\/#website"},"primaryImageOfPage":{"@id":"https:\/\/www.florencegirardeau.org\/new\/shop\/aquarelles\/petit-format\/contact-9\/#primaryimage"},"image":{"@id":"https:\/\/www.florencegirardeau.org\/new\/shop\/aquarelles\/petit-format\/contact-9\/#primaryimage"},"thumbnailUrl":"https:\/\/www.florencegirardeau.org\/new\/wp-content\/uploads\/2021\/04\/P1160697.jpeg","datePublished":"2021-03-10T20:45:25+00:00","dateModified":"2021-10-04T13:50:26+00:00","breadcrumb":{"@id":"https:\/\/www.florencegirardeau.org\/new\/shop\/aquarelles\/petit-format\/contact-9\/#breadcrumb"},"inLanguage":"fr-FR","potentialAction":[{"@type":"ReadAction","target":["https:\/\/www.florencegirardeau.org\/new\/shop\/aquarelles\/petit-format\/contact-9\/"]}]},{"@type":"ImageObject","inLanguage":"fr-FR","@id":"https:\/\/www.florencegirardeau.org\/new\/shop\/aquarelles\/petit-format\/contact-9\/#primaryimage","url":"https:\/\/www.florencegirardeau.org\/new\/wp-content\/uploads\/2021\/04\/P1160697.jpeg","contentUrl":"https:\/\/www.florencegirardeau.org\/new\/wp-content\/uploads\/2021\/04\/P1160697.jpeg","width":1808,"height":2428,"caption":"Contact #9 \u00a9Florence Girardeau"},{"@type":"BreadcrumbList","@id":"https:\/\/www.florencegirardeau.org\/new\/shop\/aquarelles\/petit-format\/contact-9\/#breadcrumb","itemListElement":[{"@type":"ListItem","position":1,"name":"Accueil","item":"https:\/\/www.florencegirardeau.org\/new\/"},{"@type":"ListItem","position":2,"name":"Contact #9"}]},{"@type":"WebSite","@id":"https:\/\/www.florencegirardeau.org\/new\/#website","url":"https:\/\/www.florencegirardeau.org\/new\/","name":"florence girardeau","description":"visual artist","publisher":{"@id":"https:\/\/www.florencegirardeau.org\/new\/#\/schema\/person\/c176e1b7fdb82068cc40fd62b956a28d"},"potentialAction":[{"@type":"SearchAction","target":{"@type":"EntryPoint","urlTemplate":"https:\/\/www.florencegirardeau.org\/new\/?s={search_term_string}"},"query-input":{"@type":"PropertyValueSpecification","valueRequired":true,"valueName":"search_term_string"}}],"inLanguage":"fr-FR"},{"@type":["Person","Organization"],"@id":"https:\/\/www.florencegirardeau.org\/new\/#\/schema\/person\/c176e1b7fdb82068cc40fd62b956a28d","name":"Florence Girardeau","image":{"@type":"ImageObject","inLanguage":"fr-FR","@id":"https:\/\/www.florencegirardeau.org\/new\/#\/schema\/person\/image\/","url":"https:\/\/www.florencegirardeau.org\/new\/wp-content\/uploads\/2021\/03\/florence-girardeau.jpg","contentUrl":"https:\/\/www.florencegirardeau.org\/new\/wp-content\/uploads\/2021\/03\/florence-girardeau.jpg","width":1783,"height":1793,"caption":"Florence Girardeau"},"logo":{"@id":"https:\/\/www.florencegirardeau.org\/new\/#\/schema\/person\/image\/"},"sameAs":["instagram.com\/florencegirardeau\/"]}]}},"_links":{"self":[{"href":"https:\/\/www.florencegirardeau.org\/new\/wp-json\/wp\/v2\/product\/1533","targetHints":{"allow":["GET"]}}],"collection":[{"href":"https:\/\/www.florencegirardeau.org\/new\/wp-json\/wp\/v2\/product"}],"about":[{"href":"https:\/\/www.florencegirardeau.org\/new\/wp-json\/wp\/v2\/types\/product"}],"wp:featuredmedia":[{"embeddable":true,"href":"https:\/\/www.florencegirardeau.org\/new\/wp-json\/wp\/v2\/media\/1685"}],"wp:attachment":[{"href":"https:\/\/www.florencegirardeau.org\/new\/wp-json\/wp\/v2\/media?parent=1533"}],"wp:term":[{"taxonomy":"product_brand","embeddable":true,"href":"https:\/\/www.florencegirardeau.org\/new\/wp-json\/wp\/v2\/product_brand?post=1533"},{"taxonomy":"product_cat","embeddable":true,"href":"https:\/\/www.florencegirardeau.org\/new\/wp-json\/wp\/v2\/product_cat?post=1533"},{"taxonomy":"product_tag","embeddable":true,"href":"https:\/\/www.florencegirardeau.org\/new\/wp-json\/wp\/v2\/product_tag?post=1533"}],"curies":[{"name":"wp","href":"https:\/\/api.w.org\/{rel}","templated":true}]}}