{"id":358,"date":"2014-06-11T09:08:13","date_gmt":"2014-06-11T08:08:13","guid":{"rendered":"http:\/\/www.florencegirardeau.org\/new\/?page_id=358"},"modified":"2015-03-12T12:51:47","modified_gmt":"2015-03-12T11:51:47","slug":"textes","status":"publish","type":"page","link":"https:\/\/www.florencegirardeau.org\/new\/textes\/","title":{"rendered":"Textes"},"content":{"rendered":"<p style=\"text-align: justify;\">&#8220;L\u2019univers de Florence Girardeau est constell\u00e9 de fines particules en suspension qui pourraient aussi bien \u00eatre d\u2019origine organique que min\u00e9rale. Soumis \u00e0 d\u2019invisibles micro-cataclysmes, ces d\u00e9chets infra-minces finissent n\u00e9anmoins par s\u2019organiser sous la forme de dessins, de vid\u00e9os ou d\u2019installations rev\u00eatant une ind\u00e9niable dimension po\u00e9tique. Nous voil\u00e0 donc pris dans le mouvement hypnotique de ces restes que l\u2019artiste dit sans importance qui s\u2019agr\u00e8gent et se d\u00e9sagr\u00e8gent ind\u00e9finiment au rythme d\u2019\u00e9piphanies et de disparitions aussi flottantes qu\u2019insaisissables.&#8221;<br \/>\n<strong>(Extrait), Catherine Macchi<\/strong><br \/>\n<a title=\"\u00c9levages de poussi\u00e8re \/ Catherine Macchi\" href=\"http:\/\/www.florencegirardeau.org\/new\/elevages-de-poussiere-catherine-macchi\/\">Texte complet<\/a><\/p>\n<p style=\"text-align: justify;\">&#8220;C\u2019est un r\u00e9seau, pour mieux signifier l\u2019importance dans cette oeuvre du cycle : \u00e9ternel retour \u00e0 la poussi\u00e8re, au reste, \u00e0 ce reliquat d\u2019o\u00f9 tout repartira. C\u2019est une oeuvre en qu\u00eate d\u2019un \u00e9quilibre dynamique, rejouant ces syst\u00e8mes montrant cette capacit\u00e9 d\u2019hom\u00e9ostasie qui maintient les organismes en vie &#8211; comme ces phan\u00e8res qui continuent \u00e0 cro\u00eetre, m\u00eame apr\u00e8s la mort de leur h\u00f4te.&#8221;<br \/>\n<strong> (Extrait), Marion Delage de Luget<\/strong><br \/>\n<a title=\"Pour le reste \/ Marion Delage de Luget\" href=\"http:\/\/www.florencegirardeau.org\/new\/pour-le-reste-marion-delage-de-luget\/\">Texte complet<\/a><\/p>\n<p style=\"text-align: justify;\">L\u2019installation n\/d (un d\u00e9dale) se compose d\u2019un panneau de bois de 3m50 de haut sur 1m53 de large, pos\u00e9 au sol et appuy\u00e9 \u00e0 l\u2019oblique sur le mur, et d\u2019une vid\u00e9o projet\u00e9e sur son versant int\u00e9rieur.(\u2026)<br \/>\nJe d\u00e9crivis cette installation \u00e0 Sarah Duby et Jo\u00e3o Vilhena, lors de nos conversations au sujet de cette exposition. Elle en est absente.<br \/>\n<strong>(Extrait), Florence Girardeau<br \/>\n<a title=\"Le vestibule et les canaux semi-circulaires\" href=\"http:\/\/www.florencegirardeau.org\/new\/le-vestibule-et-les-canaux-semi-circulaires\/\">Texte complet<\/a><br \/>\n<\/strong><\/p>\n","protected":false},"excerpt":{"rendered":"<p>&#8220;L\u2019univers de Florence Girardeau est constell\u00e9 de fines particules en suspension qui pourraient aussi bien \u00eatre d\u2019origine organique que min\u00e9rale. &hellip; <a class=\"more-link\" href=\"https:\/\/www.florencegirardeau.org\/new\/textes\/\">Plus<\/a><\/p>\n","protected":false},"author":1,"featured_media":0,"parent":0,"menu_order":0,"comment_status":"closed","ping_status":"closed","template":"","meta":{"footnotes":""},"class_list":["post-358","page","type-page","status-publish","hentry",""],"yoast_head":"<!-- This site is optimized with the Yoast SEO plugin v24.6 - https:\/\/yoast.com\/wordpress\/plugins\/seo\/ -->\n<title>Textes - florence girardeau<\/title>\n<meta name=\"robots\" content=\"noindex, follow\" \/>\n<meta property=\"og:locale\" content=\"fr_FR\" \/>\n<meta property=\"og:type\" content=\"article\" \/>\n<meta property=\"og:title\" content=\"Textes - florence girardeau\" \/>\n<meta property=\"og:description\" content=\"&#8220;L\u2019univers de Florence Girardeau est constell\u00e9 de fines particules en suspension qui pourraient aussi bien \u00eatre d\u2019origine organique que min\u00e9rale. &hellip; Plus\" \/>\n<meta property=\"og:url\" content=\"https:\/\/www.florencegirardeau.org\/new\/textes\/\" \/>\n<meta property=\"og:site_name\" content=\"florence girardeau\" \/>\n<meta property=\"article:modified_time\" content=\"2015-03-12T11:51:47+00:00\" \/>\n<meta name=\"twitter:card\" content=\"summary_large_image\" \/>\n<meta name=\"twitter:site\" content=\"@Flo_Pechan\" \/>\n<meta name=\"twitter:label1\" content=\"Dur\u00e9e de lecture estim\u00e9e\" \/>\n\t<meta name=\"twitter:data1\" content=\"1 minute\" \/>\n<script type=\"application\/ld+json\" class=\"yoast-schema-graph\">{\"@context\":\"https:\/\/schema.org\",\"@graph\":[{\"@type\":[\"WebPage\",\"AboutPage\"],\"@id\":\"https:\/\/www.florencegirardeau.org\/new\/textes\/\",\"url\":\"https:\/\/www.florencegirardeau.org\/new\/textes\/\",\"name\":\"Textes - florence girardeau\",\"isPartOf\":{\"@id\":\"https:\/\/www.florencegirardeau.org\/new\/#website\"},\"datePublished\":\"2014-06-11T08:08:13+00:00\",\"dateModified\":\"2015-03-12T11:51:47+00:00\",\"breadcrumb\":{\"@id\":\"https:\/\/www.florencegirardeau.org\/new\/textes\/#breadcrumb\"},\"inLanguage\":\"fr-FR\",\"potentialAction\":[{\"@type\":\"ReadAction\",\"target\":[\"https:\/\/www.florencegirardeau.org\/new\/textes\/\"]}]},{\"@type\":\"BreadcrumbList\",\"@id\":\"https:\/\/www.florencegirardeau.org\/new\/textes\/#breadcrumb\",\"itemListElement\":[{\"@type\":\"ListItem\",\"position\":1,\"name\":\"Accueil\",\"item\":\"https:\/\/www.florencegirardeau.org\/new\/\"},{\"@type\":\"ListItem\",\"position\":2,\"name\":\"Textes\"}]},{\"@type\":\"WebSite\",\"@id\":\"https:\/\/www.florencegirardeau.org\/new\/#website\",\"url\":\"https:\/\/www.florencegirardeau.org\/new\/\",\"name\":\"florence girardeau\",\"description\":\"visual artist\",\"publisher\":{\"@id\":\"https:\/\/www.florencegirardeau.org\/new\/#\/schema\/person\/c176e1b7fdb82068cc40fd62b956a28d\"},\"potentialAction\":[{\"@type\":\"SearchAction\",\"target\":{\"@type\":\"EntryPoint\",\"urlTemplate\":\"https:\/\/www.florencegirardeau.org\/new\/?s={search_term_string}\"},\"query-input\":{\"@type\":\"PropertyValueSpecification\",\"valueRequired\":true,\"valueName\":\"search_term_string\"}}],\"inLanguage\":\"fr-FR\"},{\"@type\":[\"Person\",\"Organization\"],\"@id\":\"https:\/\/www.florencegirardeau.org\/new\/#\/schema\/person\/c176e1b7fdb82068cc40fd62b956a28d\",\"name\":\"Florence Girardeau\",\"image\":{\"@type\":\"ImageObject\",\"inLanguage\":\"fr-FR\",\"@id\":\"https:\/\/www.florencegirardeau.org\/new\/#\/schema\/person\/image\/\",\"url\":\"https:\/\/www.florencegirardeau.org\/new\/wp-content\/uploads\/2021\/03\/florence-girardeau.jpg\",\"contentUrl\":\"https:\/\/www.florencegirardeau.org\/new\/wp-content\/uploads\/2021\/03\/florence-girardeau.jpg\",\"width\":1783,\"height\":1793,\"caption\":\"Florence Girardeau\"},\"logo\":{\"@id\":\"https:\/\/www.florencegirardeau.org\/new\/#\/schema\/person\/image\/\"},\"sameAs\":[\"instagram.com\/florencegirardeau\/\"]}]}<\/script>\n<!-- \/ Yoast SEO plugin. -->","yoast_head_json":{"title":"Textes - florence girardeau","robots":{"index":"noindex","follow":"follow"},"og_locale":"fr_FR","og_type":"article","og_title":"Textes - florence girardeau","og_description":"&#8220;L\u2019univers de Florence Girardeau est constell\u00e9 de fines particules en suspension qui pourraient aussi bien \u00eatre d\u2019origine organique que min\u00e9rale. &hellip; Plus","og_url":"https:\/\/www.florencegirardeau.org\/new\/textes\/","og_site_name":"florence girardeau","article_modified_time":"2015-03-12T11:51:47+00:00","twitter_card":"summary_large_image","twitter_site":"@Flo_Pechan","twitter_misc":{"Dur\u00e9e de lecture estim\u00e9e":"1 minute"},"schema":{"@context":"https:\/\/schema.org","@graph":[{"@type":["WebPage","AboutPage"],"@id":"https:\/\/www.florencegirardeau.org\/new\/textes\/","url":"https:\/\/www.florencegirardeau.org\/new\/textes\/","name":"Textes - florence girardeau","isPartOf":{"@id":"https:\/\/www.florencegirardeau.org\/new\/#website"},"datePublished":"2014-06-11T08:08:13+00:00","dateModified":"2015-03-12T11:51:47+00:00","breadcrumb":{"@id":"https:\/\/www.florencegirardeau.org\/new\/textes\/#breadcrumb"},"inLanguage":"fr-FR","potentialAction":[{"@type":"ReadAction","target":["https:\/\/www.florencegirardeau.org\/new\/textes\/"]}]},{"@type":"BreadcrumbList","@id":"https:\/\/www.florencegirardeau.org\/new\/textes\/#breadcrumb","itemListElement":[{"@type":"ListItem","position":1,"name":"Accueil","item":"https:\/\/www.florencegirardeau.org\/new\/"},{"@type":"ListItem","position":2,"name":"Textes"}]},{"@type":"WebSite","@id":"https:\/\/www.florencegirardeau.org\/new\/#website","url":"https:\/\/www.florencegirardeau.org\/new\/","name":"florence girardeau","description":"visual artist","publisher":{"@id":"https:\/\/www.florencegirardeau.org\/new\/#\/schema\/person\/c176e1b7fdb82068cc40fd62b956a28d"},"potentialAction":[{"@type":"SearchAction","target":{"@type":"EntryPoint","urlTemplate":"https:\/\/www.florencegirardeau.org\/new\/?s={search_term_string}"},"query-input":{"@type":"PropertyValueSpecification","valueRequired":true,"valueName":"search_term_string"}}],"inLanguage":"fr-FR"},{"@type":["Person","Organization"],"@id":"https:\/\/www.florencegirardeau.org\/new\/#\/schema\/person\/c176e1b7fdb82068cc40fd62b956a28d","name":"Florence Girardeau","image":{"@type":"ImageObject","inLanguage":"fr-FR","@id":"https:\/\/www.florencegirardeau.org\/new\/#\/schema\/person\/image\/","url":"https:\/\/www.florencegirardeau.org\/new\/wp-content\/uploads\/2021\/03\/florence-girardeau.jpg","contentUrl":"https:\/\/www.florencegirardeau.org\/new\/wp-content\/uploads\/2021\/03\/florence-girardeau.jpg","width":1783,"height":1793,"caption":"Florence Girardeau"},"logo":{"@id":"https:\/\/www.florencegirardeau.org\/new\/#\/schema\/person\/image\/"},"sameAs":["instagram.com\/florencegirardeau\/"]}]}},"featured_image_src":null,"featured_image_src_square":null,"_links":{"self":[{"href":"https:\/\/www.florencegirardeau.org\/new\/wp-json\/wp\/v2\/pages\/358","targetHints":{"allow":["GET"]}}],"collection":[{"href":"https:\/\/www.florencegirardeau.org\/new\/wp-json\/wp\/v2\/pages"}],"about":[{"href":"https:\/\/www.florencegirardeau.org\/new\/wp-json\/wp\/v2\/types\/page"}],"author":[{"embeddable":true,"href":"https:\/\/www.florencegirardeau.org\/new\/wp-json\/wp\/v2\/users\/1"}],"replies":[{"embeddable":true,"href":"https:\/\/www.florencegirardeau.org\/new\/wp-json\/wp\/v2\/comments?post=358"}],"version-history":[{"count":6,"href":"https:\/\/www.florencegirardeau.org\/new\/wp-json\/wp\/v2\/pages\/358\/revisions"}],"predecessor-version":[{"id":527,"href":"https:\/\/www.florencegirardeau.org\/new\/wp-json\/wp\/v2\/pages\/358\/revisions\/527"}],"wp:attachment":[{"href":"https:\/\/www.florencegirardeau.org\/new\/wp-json\/wp\/v2\/media?parent=358"}],"curies":[{"name":"wp","href":"https:\/\/api.w.org\/{rel}","templated":true}]}}